{"id":121,"date":"2023-05-07T20:58:52","date_gmt":"2023-05-07T20:58:52","guid":{"rendered":"https:\/\/canionsquare.com\/?page_id=121"},"modified":"2025-06-22T11:14:37","modified_gmt":"2025-06-22T11:14:37","slug":"poznajmy-sie","status":"publish","type":"page","link":"https:\/\/canionsquare.com\/index.php\/poznajmy-sie\/","title":{"rendered":"O mnie"},"content":{"rendered":"<p>[et_pb_section fb_built=&#8221;1&#8243; fullwidth=&#8221;on&#8221; admin_label=&#8221;Hero Section&#8221; _builder_version=&#8221;4.16&#8243; global_colors_info=&#8221;{}&#8221;][et_pb_fullwidth_header title=&#8221;Piotr Kami\u0144ski&#8221; subhead=&#8221;POZNAJMY SI\u0118&#8221; background_overlay_color=&#8221;rgba(0,0,0,0.8)&#8221; content_max_width=&#8221;550px&#8221; _builder_version=&#8221;4.21.0&#8243; title_font=&#8221;Poppins|700||on|||||&#8221; title_text_color=&#8221;#00d0ff&#8221; title_font_size=&#8221;14px&#8221; title_letter_spacing=&#8221;2px&#8221; title_line_height=&#8221;1.4em&#8221; content_font=&#8221;Poppins||||||||&#8221; content_font_size=&#8221;16px&#8221; content_letter_spacing=&#8221;1px&#8221; content_line_height=&#8221;2em&#8221; subhead_font=&#8221;Alike|700||on|||||&#8221; subhead_font_size=&#8221;48px&#8221; subhead_letter_spacing=&#8221;3px&#8221; subhead_line_height=&#8221;1.4em&#8221; background_color=&#8221;rgba(255, 255, 255, 0)&#8221; background_image=&#8221;http:\/\/canionsquare.com\/wp-content\/uploads\/2023\/05\/consultant-06.jpg&#8221; parallax=&#8221;on&#8221; parallax_method=&#8221;on&#8221; custom_button_one=&#8221;on&#8221; button_one_border_width=&#8221;1px&#8221; button_one_border_color=&#8221;rgba(255,255,255,0.3)&#8221; button_one_border_radius=&#8221;0px&#8221; button_one_letter_spacing=&#8221;1px&#8221; button_one_font=&#8221;Saira Extra Condensed|600||on|||||&#8221; button_one_icon=&#8221;&#x24;||divi||400&#8243; button_one_icon_color=&#8221;#edbb5f&#8221; custom_button_two=&#8221;on&#8221; button_two_border_width=&#8221;1px&#8221; button_two_border_color=&#8221;rgba(255,255,255,0.3)&#8221; button_two_border_radius=&#8221;0px&#8221; button_two_letter_spacing=&#8221;1px&#8221; button_two_font=&#8221;Saira Extra Condensed|600||on|||||&#8221; button_two_icon=&#8221;&#x24;||divi||400&#8243; button_two_icon_color=&#8221;#edbb5f&#8221; module_alignment=&#8221;right&#8221; custom_margin=&#8221;|||&#8221; custom_padding=&#8221;8%||8%|&#8221; button_one_text_color_hover=&#8221;#edbb5f&#8221; button_two_text_color_hover=&#8221;#edbb5f&#8221; button_one_bg_color_hover=&#8221;rgba(0,0,0,0)&#8221; button_two_bg_color_hover=&#8221;rgba(0,0,0,0)&#8221; global_colors_info=&#8221;{}&#8221; button_one_text_size__hover_enabled=&#8221;off&#8221; button_two_text_size__hover_enabled=&#8221;off&#8221; button_one_text_color__hover_enabled=&#8221;on&#8221; button_one_text_color__hover=&#8221;#edbb5f&#8221; button_two_text_color__hover_enabled=&#8221;on&#8221; button_two_text_color__hover=&#8221;#edbb5f&#8221; button_one_border_width__hover_enabled=&#8221;off&#8221; button_two_border_width__hover_enabled=&#8221;off&#8221; button_one_border_color__hover_enabled=&#8221;off&#8221; button_two_border_color__hover_enabled=&#8221;off&#8221; button_one_border_radius__hover_enabled=&#8221;off&#8221; button_two_border_radius__hover_enabled=&#8221;off&#8221; button_one_letter_spacing__hover_enabled=&#8221;off&#8221; button_two_letter_spacing__hover_enabled=&#8221;off&#8221; button_one_bg_color__hover_enabled=&#8221;on&#8221; button_one_bg_color__hover=&#8221;rgba(0,0,0,0)&#8221; button_two_bg_color__hover_enabled=&#8221;on&#8221; button_two_bg_color__hover=&#8221;rgba(0,0,0,0)&#8221;][\/et_pb_fullwidth_header][\/et_pb_section][et_pb_section fb_built=&#8221;1&#8243; admin_label=&#8221;Introduction&#8221; _builder_version=&#8221;4.16&#8243; custom_margin=&#8221;|||&#8221; custom_padding=&#8221;100px|0px|100px|0px&#8221; global_colors_info=&#8221;{}&#8221;][et_pb_row column_structure=&#8221;2_3,1_3&#8243; use_custom_gutter=&#8221;on&#8221; gutter_width=&#8221;4&#8243; _builder_version=&#8221;4.16&#8243; animation_style=&#8221;fade&#8221; global_colors_info=&#8221;{}&#8221;][et_pb_column type=&#8221;2_3&#8243; _builder_version=&#8221;4.16&#8243; custom_padding=&#8221;|||&#8221; global_colors_info=&#8221;{}&#8221; custom_padding__hover=&#8221;|||&#8221;][et_pb_text _builder_version=&#8221;4.21.0&#8243; text_font=&#8221;||||||||&#8221; header_font=&#8221;||||||||&#8221; header_2_font=&#8221;Playfair Display|700|||||||&#8221; header_2_font_size=&#8221;38px&#8221; header_2_letter_spacing=&#8221;1px&#8221; header_2_line_height=&#8221;1.4em&#8221; header_3_font=&#8221;Poppins|700||on|||||&#8221; header_3_text_color=&#8221;#00d0ff&#8221; header_3_font_size=&#8221;14px&#8221; header_3_letter_spacing=&#8221;1px&#8221; header_3_line_height=&#8221;2em&#8221; global_colors_info=&#8221;{}&#8221;]<\/p>\n<h2>Piotr Kami\u0144ski<\/h2>\n<p>[\/et_pb_text][et_pb_divider color=&#8221;#00d0ff&#8221; divider_weight=&#8221;2px&#8221; _builder_version=&#8221;4.21.0&#8243; max_width=&#8221;60px&#8221; module_alignment=&#8221;left&#8221; height=&#8221;2px&#8221; global_colors_info=&#8221;{}&#8221;][\/et_pb_divider][et_pb_text _builder_version=&#8221;4.21.0&#8243; text_font=&#8221;Poppins||||||||&#8221; text_font_size=&#8221;16px&#8221; text_letter_spacing=&#8221;1px&#8221; text_line_height=&#8221;2em&#8221; max_width=&#8221;684px&#8221; global_colors_info=&#8221;{}&#8221;]<\/p>\n<p><span>Nazywam si\u0119 Piotr Kami\u0144ski. W 2016 obroni\u0142em z wyr\u00f3\u017cnieniem doktorat z chemii, specjalizuj\u0119 si\u0119 w nanomateria\u0142ach, katalizatorach, materia\u0142ach kompozytowych oraz ich zaawansowanej analizie i specyfikacji z u\u017cyciem r\u00f3\u017cnych technik, jak: XRD, TEM, adsorpcja i desorpcja azotu w 77 K, TPR-H2, TPO-O2, TG-DTA, TEM, XPS, ATR-FTIR, FTIR in situ, FTIR-MS, UV-vis, DLS, HPLC, FID-GC, TCD-GC, badaniach elektrochemicznych.<\/span><\/p>\n<p>Realizowa\u0142em w\u0142asne granty w mi\u0119dzynarodowych o\u015brodkach naukowych w Caen (LCS ENSICAEN) oraz Zurychu (ETH). W Polsce pracowa\u0142em min.: dla Wroc\u0142awskiego Centrum Bada\u0144 EIT+ (obecnie PORT &#8211; Sie\u0107 \u0141ukasiewicz), Uniwersytetu im. Adama Mickiewicza w Poznaniu oraz Politechniki Gda\u0144skiej. M\u00f3j profil zawodowy, realizowane projekty i publikacje mo\u017cna zobaczy\u0107 <a href=\"https:\/\/www.linkedin.com\/in\/phd-piotr-kaminski\/?locale=pl_PL&amp;profileId=ACoAAB8A5EQBzNY_SelG4w8Th9FsMEC8JqjfIcc\" target=\"_blank\" rel=\"noopener\"><strong>tutaj.<\/strong><\/a><\/p>\n<p><span>Mam siedemnastoletnie do\u015bwiadczenie w uczeniu m\u0142odzie\u017cy i student\u00f3w, ju\u017c w czasie studi\u00f3w pomaga\u0142em kole\u017cankom i kolegom w zrozumieniu zagadnie\u0144 z chemii, dzisiaj s\u0105 oni magistrami chemii, pracuj\u0105 w laboratoriach chemicznych w Polsce i za granic\u0105, w jednostkach chemicznych Pa\u0144stwowej Stra\u017cy Po\u017carnej, itd. Moje do\u015bwiadczenie w nauczaniu chemii kontynuowa\u0142em podczas moich studi\u00f3w doktoranckich w ramach zaj\u0119\u0107 ze studentami oraz w mojej pracy na uczelni (w LCS ENSICAEN w Caen, na Uniwersytecie im. Adama Mickiewicza w Poznaniu i Politechnice Gda\u0144skiej) po obronie doktoratu.<\/span><\/p>\n<p>&nbsp;<\/p>\n<p>[\/et_pb_text][\/et_pb_column][et_pb_column type=&#8221;1_3&#8243; _builder_version=&#8221;4.16&#8243; custom_padding=&#8221;|||&#8221; global_colors_info=&#8221;{}&#8221; custom_padding__hover=&#8221;|||&#8221;][et_pb_image src=&#8221;http:\/\/canionsquare.com\/wp-content\/uploads\/2023\/05\/Doktor_Piotr_kaminski_uam_Canion_square-01.png&#8221; alt=&#8221;Piotr Kaminski dofiansowania pisanie wnioskow fundusze europejskie parp ncn ncbr&#8221; title_text=&#8221;Doktor_Piotr_kaminski_uam_Canion_square-01&#8243; align_tablet=&#8221;center&#8221; align_phone=&#8221;center&#8221; align_last_edited=&#8221;on|desktop&#8221; _builder_version=&#8221;4.21.0&#8243; animation_style=&#8221;fade&#8221; border_radii=&#8221;on|150px|150px|150px|150px&#8221; global_colors_info=&#8221;{}&#8221;][\/et_pb_image][\/et_pb_column][\/et_pb_row][et_pb_row custom_padding_last_edited=&#8221;on|phone&#8221; _builder_version=&#8221;4.21.0&#8243; background_color=&#8221;#ffffff&#8221; custom_margin=&#8221;48px|auto||auto||&#8221; custom_padding=&#8221;61px|60px|60px|60px||&#8221; custom_padding_tablet=&#8221;&#8221; custom_padding_phone=&#8221;|40px||40px&#8221; animation_direction=&#8221;bottom&#8221; box_shadow_style=&#8221;preset3&#8243; box_shadow_vertical=&#8221;15px&#8221; box_shadow_blur=&#8221;80px&#8221; box_shadow_color=&#8221;rgba(0,0,0,0.2)&#8221; global_colors_info=&#8221;{}&#8221;][et_pb_column type=&#8221;4_4&#8243; _builder_version=&#8221;4.16&#8243; custom_padding=&#8221;|||&#8221; global_colors_info=&#8221;{}&#8221; custom_padding__hover=&#8221;|||&#8221;][et_pb_text _builder_version=&#8221;4.21.0&#8243; text_font=&#8221;|||on|||||&#8221; header_font=&#8221;||||||||&#8221; header_2_font=&#8221;Playfair Display|700|||||||&#8221; header_2_font_size=&#8221;38px&#8221; header_2_letter_spacing=&#8221;1px&#8221; header_2_line_height=&#8221;1.4em&#8221; header_3_font=&#8221;Poppins|700||on|||||&#8221; header_3_text_color=&#8221;#edbb5f&#8221; header_3_font_size=&#8221;14px&#8221; header_3_letter_spacing=&#8221;1px&#8221; header_3_line_height=&#8221;2em&#8221; text_orientation=&#8221;center&#8221; max_width=&#8221;550px&#8221; module_alignment=&#8221;center&#8221; locked=&#8221;off&#8221; global_colors_info=&#8221;{}&#8221;]<\/p>\n<h2>Skontaktuj si\u0119<\/h2>\n<p>[\/et_pb_text][et_pb_text _builder_version=&#8221;4.21.0&#8243; text_font=&#8221;Poppins|600|||||||&#8221; text_font_size=&#8221;16px&#8221; text_letter_spacing=&#8221;2px&#8221; text_line_height=&#8221;2em&#8221; ul_font=&#8221;||||||||&#8221; background_color=&#8221;#3d3d3d&#8221; text_orientation=&#8221;center&#8221; background_layout=&#8221;dark&#8221; custom_margin=&#8221;|||&#8221; custom_padding=&#8221;60px|40px|60px|40px&#8221; custom_padding_last_edited=&#8221;off|desktop&#8221; animation_style=&#8221;flip&#8221; animation_delay=&#8221;200ms&#8221; border_color_all=&#8221;#00d0ff&#8221; border_width_top=&#8221;8px&#8221; locked=&#8221;off&#8221; global_colors_info=&#8221;{}&#8221;]<\/p>\n<p style=\"text-align: center;\">Canion Square<br \/>Pozna\u0144\/Ostr\u00f3w Wielkopolski<br \/>+48 571 588 878<br \/>office@canionsquare.com<br \/><span>NIP: 5932636911<\/span><\/p>\n<p>[\/et_pb_text][\/et_pb_column][\/et_pb_row][\/et_pb_section]<\/p>\n","protected":false},"excerpt":{"rendered":"<p>Piotr Kami\u0144skiNazywam si\u0119 Piotr Kami\u0144ski. W 2016 obroni\u0142em z wyr\u00f3\u017cnieniem doktorat z chemii, specjalizuj\u0119 si\u0119 w nanomateria\u0142ach, katalizatorach, materia\u0142ach kompozytowych oraz ich zaawansowanej analizie i specyfikacji z u\u017cyciem r\u00f3\u017cnych technik, jak: XRD, TEM, adsorpcja i desorpcja azotu w 77 K, TPR-H2, TPO-O2, TG-DTA, TEM, XPS, ATR-FTIR, FTIR in situ, FTIR-MS, UV-vis, DLS, HPLC, FID-GC, TCD-GC, [&hellip;]<\/p>\n","protected":false},"author":1,"featured_media":0,"parent":0,"menu_order":0,"comment_status":"closed","ping_status":"closed","template":"","meta":{"_et_pb_use_builder":"on","_et_pb_old_content":"","_et_gb_content_width":"","om_disable_all_campaigns":false,"_mi_skip_tracking":false,"_monsterinsights_sitenote_active":false,"_monsterinsights_sitenote_note":"","_monsterinsights_sitenote_category":0,"footnotes":""},"class_list":["post-121","page","type-page","status-publish","hentry"],"aioseo_notices":[],"_links":{"self":[{"href":"https:\/\/canionsquare.com\/index.php\/wp-json\/wp\/v2\/pages\/121","targetHints":{"allow":["GET"]}}],"collection":[{"href":"https:\/\/canionsquare.com\/index.php\/wp-json\/wp\/v2\/pages"}],"about":[{"href":"https:\/\/canionsquare.com\/index.php\/wp-json\/wp\/v2\/types\/page"}],"author":[{"embeddable":true,"href":"https:\/\/canionsquare.com\/index.php\/wp-json\/wp\/v2\/users\/1"}],"replies":[{"embeddable":true,"href":"https:\/\/canionsquare.com\/index.php\/wp-json\/wp\/v2\/comments?post=121"}],"version-history":[{"count":16,"href":"https:\/\/canionsquare.com\/index.php\/wp-json\/wp\/v2\/pages\/121\/revisions"}],"predecessor-version":[{"id":428,"href":"https:\/\/canionsquare.com\/index.php\/wp-json\/wp\/v2\/pages\/121\/revisions\/428"}],"wp:attachment":[{"href":"https:\/\/canionsquare.com\/index.php\/wp-json\/wp\/v2\/media?parent=121"}],"curies":[{"name":"wp","href":"https:\/\/api.w.org\/{rel}","templated":true}]}}